{"id":993,"date":"2020-03-28T17:59:25","date_gmt":"2020-03-28T16:59:25","guid":{"rendered":"https:\/\/sonicpulsestudio.com\/?page_id=993"},"modified":"2020-04-13T20:33:49","modified_gmt":"2020-04-13T18:33:49","slug":"studio","status":"publish","type":"page","link":"https:\/\/sonicpulsestudio.com\/es\/studio\/","title":{"rendered":"Studio"},"content":{"rendered":"<div data-elementor-type=\"wp-page\" data-elementor-id=\"993\" class=\"elementor elementor-993\" data-elementor-post-type=\"page\">\n\t\t\t\t\t\t<section class=\"elementor-section elementor-top-section elementor-element elementor-element-6b792e2 elementor-section-boxed elementor-section-height-default elementor-section-height-default\" data-id=\"6b792e2\" data-element_type=\"section\" data-e-type=\"section\">\n\t\t\t\t\t\t<div class=\"elementor-container elementor-column-gap-default\">\n\t\t\t\t\t<div class=\"elementor-column elementor-col-100 elementor-top-column elementor-element elementor-element-e2ccb5a\" data-id=\"e2ccb5a\" data-element_type=\"column\" data-e-type=\"column\">\n\t\t\t<div class=\"elementor-widget-wrap elementor-element-populated\">\n\t\t\t\t\t\t\t<\/div>\n\t\t<\/div>\n\t\t\t\t\t<\/div>\n\t\t<\/section>\n\t\t\t\t<section class=\"elementor-section elementor-top-section elementor-element elementor-element-6b12f1c elementor-section-boxed elementor-section-height-default elementor-section-height-default\" data-id=\"6b12f1c\" data-element_type=\"section\" data-e-type=\"section\" data-settings=\"{&quot;background_background&quot;:&quot;classic&quot;}\">\n\t\t\t\t\t\t\t<div class=\"elementor-background-overlay\"><\/div>\n\t\t\t\t\t\t\t<div class=\"elementor-container elementor-column-gap-default\">\n\t\t\t\t\t<div class=\"elementor-column elementor-col-33 elementor-top-column elementor-element elementor-element-2eb9ce8\" data-id=\"2eb9ce8\" data-element_type=\"column\" data-e-type=\"column\">\n\t\t\t<div class=\"elementor-widget-wrap\">\n\t\t\t\t\t\t\t<\/div>\n\t\t<\/div>\n\t\t\t\t<div class=\"elementor-column elementor-col-33 elementor-top-column elementor-element elementor-element-e329fad\" data-id=\"e329fad\" data-element_type=\"column\" data-e-type=\"column\">\n\t\t\t<div class=\"elementor-widget-wrap elementor-element-populated\">\n\t\t\t\t\t\t<div class=\"elementor-element elementor-element-f0c8d93 elementor-widget elementor-widget-heading\" data-id=\"f0c8d93\" data-element_type=\"widget\" data-e-type=\"widget\" data-widget_type=\"heading.default\">\n\t\t\t\t<div class=\"elementor-widget-container\">\n\t\t\t\t\t<h1 class=\"elementor-heading-title elementor-size-default\">EQUIPO<\/h1>\t\t\t\t<\/div>\n\t\t\t\t<\/div>\n\t\t\t\t\t<\/div>\n\t\t<\/div>\n\t\t\t\t<div class=\"elementor-column elementor-col-33 elementor-top-column elementor-element elementor-element-84958ab\" data-id=\"84958ab\" data-element_type=\"column\" data-e-type=\"column\">\n\t\t\t<div class=\"elementor-widget-wrap\">\n\t\t\t\t\t\t\t<\/div>\n\t\t<\/div>\n\t\t\t\t\t<\/div>\n\t\t<\/section>\n\t\t\t\t<section class=\"elementor-section elementor-top-section elementor-element elementor-element-a81360c elementor-section-boxed elementor-section-height-default elementor-section-height-default\" data-id=\"a81360c\" data-element_type=\"section\" data-e-type=\"section\">\n\t\t\t\t\t\t<div class=\"elementor-container elementor-column-gap-default\">\n\t\t\t\t\t<div class=\"elementor-column elementor-col-100 elementor-top-column elementor-element elementor-element-d257383\" data-id=\"d257383\" data-element_type=\"column\" data-e-type=\"column\">\n\t\t\t<div class=\"elementor-widget-wrap elementor-element-populated\">\n\t\t\t\t\t\t<section class=\"elementor-section elementor-inner-section elementor-element elementor-element-8e0ce94 elementor-section-boxed elementor-section-height-default elementor-section-height-default\" data-id=\"8e0ce94\" data-element_type=\"section\" data-e-type=\"section\">\n\t\t\t\t\t\t<div class=\"elementor-container elementor-column-gap-default\">\n\t\t\t\t\t<div class=\"elementor-column elementor-col-50 elementor-inner-column elementor-element elementor-element-ddae5b1\" data-id=\"ddae5b1\" data-element_type=\"column\" data-e-type=\"column\">\n\t\t\t<div class=\"elementor-widget-wrap elementor-element-populated\">\n\t\t\t\t\t\t<div class=\"elementor-element elementor-element-a61f04c elementor-widget elementor-widget-text-editor\" data-id=\"a61f04c\" data-element_type=\"widget\" data-e-type=\"widget\" data-widget_type=\"text-editor.default\">\n\t\t\t\t<div class=\"elementor-widget-container\">\n\t\t\t\t\t\t\t\t\t<p class=\"translation-block\">En nuestro Estudio tenemos el equipo para hacer que sus proyectos se destaquen con la m\u00e1xima calidad posible.<br>Nuestro centro gira en torno a un escritorio digital X32, el \u00faltimo 27\u2033 iMac y la monitorizaci\u00f3n de KRK &amp; M-Audio como control central del Estudio. Tenemos efectos de rack de marcas conocidas como Lexicon y Alesis. <br>Nuestro principal DAW es Logic Pro X y tenemos una gama de plugins de Waves, Native instruments, Steven Slate etc.<br><\/p>\t\t\t\t\t\t\t\t<\/div>\n\t\t\t\t<\/div>\n\t\t\t\t\t<\/div>\n\t\t<\/div>\n\t\t\t\t<div class=\"elementor-column elementor-col-50 elementor-inner-column elementor-element elementor-element-700aef7\" data-id=\"700aef7\" data-element_type=\"column\" data-e-type=\"column\">\n\t\t\t<div class=\"elementor-widget-wrap elementor-element-populated\">\n\t\t\t\t\t\t<div class=\"elementor-element elementor-element-03eb100 elementor-widget elementor-widget-image\" data-id=\"03eb100\" data-element_type=\"widget\" data-e-type=\"widget\" data-widget_type=\"image.default\">\n\t\t\t\t<div class=\"elementor-widget-container\">\n\t\t\t\t\t\t\t\t\t\t\t\t\t\t\t<img fetchpriority=\"high\" decoding=\"async\" width=\"1024\" height=\"682\" src=\"https:\/\/sonicpulsestudio.com\/wp-content\/uploads\/2020\/03\/IMG_3639-1024x682.jpg\" class=\"attachment-large size-large wp-image-768\" alt=\"main studio\" srcset=\"https:\/\/sonicpulsestudio.com\/wp-content\/uploads\/2020\/03\/IMG_3639-1024x682.jpg 1024w, https:\/\/sonicpulsestudio.com\/wp-content\/uploads\/2020\/03\/IMG_3639-300x200.jpg 300w, https:\/\/sonicpulsestudio.com\/wp-content\/uploads\/2020\/03\/IMG_3639-768x512.jpg 768w, https:\/\/sonicpulsestudio.com\/wp-content\/uploads\/2020\/03\/IMG_3639.jpg 1280w\" sizes=\"(max-width: 1024px) 100vw, 1024px\" title=\"\">\t\t\t\t\t\t\t\t\t\t\t\t\t\t\t<\/div>\n\t\t\t\t<\/div>\n\t\t\t\t\t<\/div>\n\t\t<\/div>\n\t\t\t\t\t<\/div>\n\t\t<\/section>\n\t\t\t\t\t<\/div>\n\t\t<\/div>\n\t\t\t\t\t<\/div>\n\t\t<\/section>\n\t\t\t\t<section class=\"elementor-section elementor-top-section elementor-element elementor-element-5c311eb elementor-section-boxed elementor-section-height-default elementor-section-height-default\" data-id=\"5c311eb\" data-element_type=\"section\" data-e-type=\"section\">\n\t\t\t\t\t\t<div class=\"elementor-container elementor-column-gap-default\">\n\t\t\t\t\t<div class=\"elementor-column elementor-col-100 elementor-top-column elementor-element elementor-element-69ae3a9\" data-id=\"69ae3a9\" data-element_type=\"column\" data-e-type=\"column\">\n\t\t\t<div class=\"elementor-widget-wrap elementor-element-populated\">\n\t\t\t\t\t\t<section class=\"elementor-section elementor-inner-section elementor-element elementor-element-dfabffe elementor-section-boxed elementor-section-height-default elementor-section-height-default\" data-id=\"dfabffe\" data-element_type=\"section\" data-e-type=\"section\">\n\t\t\t\t\t\t<div class=\"elementor-container elementor-column-gap-default\">\n\t\t\t\t\t<div class=\"elementor-column elementor-col-50 elementor-inner-column elementor-element elementor-element-aad6850\" data-id=\"aad6850\" data-element_type=\"column\" data-e-type=\"column\">\n\t\t\t<div class=\"elementor-widget-wrap elementor-element-populated\">\n\t\t\t\t\t\t<div class=\"elementor-element elementor-element-8c26c78 elementor-widget elementor-widget-text-editor\" data-id=\"8c26c78\" data-element_type=\"widget\" data-e-type=\"widget\" data-widget_type=\"text-editor.default\">\n\t\t\t\t<div class=\"elementor-widget-container\">\n\t\t\t\t\t\t\t\t\t<p class=\"translation-block\">Para nosotros, capturar el sonido de sus proyectos es esencial. <br>Por eso tenemos una gran selecci\u00f3n de micr\u00f3fonos de Shure, Sennheiser, Audio Technica, Behringer, Beyer Dynamic, Rode y Blue Microphones Esta gama de micr\u00f3fonos son perfectos para cada tipo de instrumento, ya sea su voz o cualquier instrumento de fondo que traiga al estudio, asegurando que el sonido que obtenga ser\u00e1 de la mayor calidad posible. &lt;Adem\u00e1s, usamos auriculares AKG del mismo modelo para asegurarnos de que todos los cantantes obtengan el mismo sonido y que cada cantante pueda tener su propia mezcla para los coros.<\/p>\t\t\t\t\t\t\t\t<\/div>\n\t\t\t\t<\/div>\n\t\t\t\t\t<\/div>\n\t\t<\/div>\n\t\t\t\t<div class=\"elementor-column elementor-col-50 elementor-inner-column elementor-element elementor-element-b22bc81\" data-id=\"b22bc81\" data-element_type=\"column\" data-e-type=\"column\">\n\t\t\t<div class=\"elementor-widget-wrap elementor-element-populated\">\n\t\t\t\t\t\t<div class=\"elementor-element elementor-element-7393cd1 elementor-widget elementor-widget-image\" data-id=\"7393cd1\" data-element_type=\"widget\" data-e-type=\"widget\" data-widget_type=\"image.default\">\n\t\t\t\t<div class=\"elementor-widget-container\">\n\t\t\t\t\t\t\t\t\t\t\t\t\t\t\t<img decoding=\"async\" width=\"1024\" height=\"682\" data-src=\"https:\/\/sonicpulsestudio.com\/wp-content\/uploads\/2020\/03\/microphone-silver-metal-1074362-1024x682.jpg\" class=\"attachment-large size-large wp-image-1023 lazyload\" alt=\"microphone, silver, metal\" data-srcset=\"https:\/\/sonicpulsestudio.com\/wp-content\/uploads\/2020\/03\/microphone-silver-metal-1074362-1024x682.jpg 1024w, https:\/\/sonicpulsestudio.com\/wp-content\/uploads\/2020\/03\/microphone-silver-metal-1074362-300x200.jpg 300w, https:\/\/sonicpulsestudio.com\/wp-content\/uploads\/2020\/03\/microphone-silver-metal-1074362-768x512.jpg 768w, https:\/\/sonicpulsestudio.com\/wp-content\/uploads\/2020\/03\/microphone-silver-metal-1074362.jpg 1280w\" data-sizes=\"(max-width: 1024px) 100vw, 1024px\" title=\"\" src=\"data:image\/svg+xml;base64,PHN2ZyB3aWR0aD0iMSIgaGVpZ2h0PSIxIiB4bWxucz0iaHR0cDovL3d3dy53My5vcmcvMjAwMC9zdmciPjwvc3ZnPg==\" style=\"--smush-placeholder-width: 1024px; --smush-placeholder-aspect-ratio: 1024\/682;\">\t\t\t\t\t\t\t\t\t\t\t\t\t\t\t<\/div>\n\t\t\t\t<\/div>\n\t\t\t\t\t<\/div>\n\t\t<\/div>\n\t\t\t\t\t<\/div>\n\t\t<\/section>\n\t\t\t\t\t<\/div>\n\t\t<\/div>\n\t\t\t\t\t<\/div>\n\t\t<\/section>\n\t\t\t\t<section class=\"elementor-section elementor-top-section elementor-element elementor-element-8f88199 elementor-section-boxed elementor-section-height-default elementor-section-height-default\" data-id=\"8f88199\" data-element_type=\"section\" data-e-type=\"section\">\n\t\t\t\t\t\t<div class=\"elementor-container elementor-column-gap-default\">\n\t\t\t\t\t<div class=\"elementor-column elementor-col-100 elementor-top-column elementor-element elementor-element-e84ccd1\" data-id=\"e84ccd1\" data-element_type=\"column\" data-e-type=\"column\">\n\t\t\t<div class=\"elementor-widget-wrap elementor-element-populated\">\n\t\t\t\t\t\t<section class=\"elementor-section elementor-inner-section elementor-element elementor-element-b9f86ca elementor-section-boxed elementor-section-height-default elementor-section-height-default\" data-id=\"b9f86ca\" data-element_type=\"section\" data-e-type=\"section\">\n\t\t\t\t\t\t<div class=\"elementor-container elementor-column-gap-default\">\n\t\t\t\t\t<div class=\"elementor-column elementor-col-50 elementor-inner-column elementor-element elementor-element-4a72c23\" data-id=\"4a72c23\" data-element_type=\"column\" data-e-type=\"column\">\n\t\t\t<div class=\"elementor-widget-wrap elementor-element-populated\">\n\t\t\t\t\t\t<div class=\"elementor-element elementor-element-81dad9f elementor-widget elementor-widget-text-editor\" data-id=\"81dad9f\" data-element_type=\"widget\" data-e-type=\"widget\" data-widget_type=\"text-editor.default\">\n\t\t\t\t<div class=\"elementor-widget-container\">\n\t\t\t\t\t\t\t\t\t<p class=\"translation-block\">La mayor\u00eda de los m\u00fasicos profesionales tienen sus propios instrumentos personales de calidad y nos aseguraremos de que consigas el sonido m\u00e1s aut\u00e9ntico posible que necesitas y al que est\u00e1s acostumbrado.<br>Si de todas formas quieres probar algo diferente eres libre de probar cualquiera de los instrumentos de nuestro arsenal. <br>Tenemos una gran variedad de instrumentos de l\u00ednea trasera con guitarras de varios tipos (Fender Telecaster, LTD, Revelation Jazzmaster, Takamine ...), bajo (Warwick) y amplificadores de Kustom y TC-Electronic, <br>Tenemos tambi\u00e9n una selecci\u00f3n de pedales de efectos y un kit de bater\u00eda ac\u00fastica de (Sonor).<br>Adem\u00e1s tenemos controladores de teclado para sintetizador y piano y montones de bancos de muestras y sonidos de toda clase.<br><\/p>\n<p><br><\/p>\t\t\t\t\t\t\t\t<\/div>\n\t\t\t\t<\/div>\n\t\t\t\t\t<\/div>\n\t\t<\/div>\n\t\t\t\t<div class=\"elementor-column elementor-col-50 elementor-inner-column elementor-element elementor-element-b39fc28\" data-id=\"b39fc28\" data-element_type=\"column\" data-e-type=\"column\">\n\t\t\t<div class=\"elementor-widget-wrap elementor-element-populated\">\n\t\t\t\t\t\t<div class=\"elementor-element elementor-element-0517da5 elementor-widget elementor-widget-image\" data-id=\"0517da5\" data-element_type=\"widget\" data-e-type=\"widget\" data-widget_type=\"image.default\">\n\t\t\t\t<div class=\"elementor-widget-container\">\n\t\t\t\t\t\t\t\t\t\t\t\t\t\t\t<img decoding=\"async\" width=\"1024\" height=\"682\" data-src=\"https:\/\/sonicpulsestudio.com\/wp-content\/uploads\/2020\/03\/IMG_3634-1024x682.jpg\" class=\"attachment-large size-large wp-image-769 lazyload\" alt=\"studio equipment\" data-srcset=\"https:\/\/sonicpulsestudio.com\/wp-content\/uploads\/2020\/03\/IMG_3634-1024x682.jpg 1024w, https:\/\/sonicpulsestudio.com\/wp-content\/uploads\/2020\/03\/IMG_3634-300x200.jpg 300w, https:\/\/sonicpulsestudio.com\/wp-content\/uploads\/2020\/03\/IMG_3634-768x512.jpg 768w, https:\/\/sonicpulsestudio.com\/wp-content\/uploads\/2020\/03\/IMG_3634.jpg 1280w\" data-sizes=\"(max-width: 1024px) 100vw, 1024px\" title=\"\" src=\"data:image\/svg+xml;base64,PHN2ZyB3aWR0aD0iMSIgaGVpZ2h0PSIxIiB4bWxucz0iaHR0cDovL3d3dy53My5vcmcvMjAwMC9zdmciPjwvc3ZnPg==\" style=\"--smush-placeholder-width: 1024px; --smush-placeholder-aspect-ratio: 1024\/682;\">\t\t\t\t\t\t\t\t\t\t\t\t\t\t\t<\/div>\n\t\t\t\t<\/div>\n\t\t\t\t\t<\/div>\n\t\t<\/div>\n\t\t\t\t\t<\/div>\n\t\t<\/section>\n\t\t\t\t\t<\/div>\n\t\t<\/div>\n\t\t\t\t\t<\/div>\n\t\t<\/section>\n\t\t\t\t<\/div>","protected":false},"excerpt":{"rendered":"<p>EQUIPMENT &nbsp;In our Studio we have the equipment to make your projects stand out with with the maximum quality possible.Our hub revolves around an X32 digital desk, the latest 27&#8243; iMac&nbsp; and monitoring from KRK &amp; M-Audio as the central control of the Studio. We have rack effects from well-known brands such as Lexicon and [&hellip;]<\/p>\n","protected":false},"author":1,"featured_media":0,"parent":0,"menu_order":0,"comment_status":"closed","ping_status":"closed","template":"","meta":{"site-sidebar-layout":"no-sidebar","site-content-layout":"page-builder","ast-site-content-layout":"default","site-content-style":"default","site-sidebar-style":"default","ast-global-header-display":"","ast-banner-title-visibility":"","ast-main-header-display":"","ast-hfb-above-header-display":"","ast-hfb-below-header-display":"","ast-hfb-mobile-header-display":"","site-post-title":"disabled","ast-breadcrumbs-content":"","ast-featured-img":"disabled","footer-sml-layout":"","theme-transparent-header-meta":"default","adv-header-id-meta":"","stick-header-meta":"","header-above-stick-meta":"","header-main-stick-meta":"","header-below-stick-meta":"","astra-migrate-meta-layouts":"default","ast-page-background-enabled":"default","ast-page-background-meta":{"desktop":{"background-color":"","background-image":"","background-repeat":"repeat","background-position":"center center","background-size":"auto","background-attachment":"scroll","background-type":"","background-media":"","overlay-type":"","overlay-color":"","overlay-opacity":"","overlay-gradient":""},"tablet":{"background-color":"","background-image":"","background-repeat":"repeat","background-position":"center center","background-size":"auto","background-attachment":"scroll","background-type":"","background-media":"","overlay-type":"","overlay-color":"","overlay-opacity":"","overlay-gradient":""},"mobile":{"background-color":"","background-image":"","background-repeat":"repeat","background-position":"center center","background-size":"auto","background-attachment":"scroll","background-type":"","background-media":"","overlay-type":"","overlay-color":"","overlay-opacity":"","overlay-gradient":""}},"ast-content-background-meta":{"desktop":{"background-color":"var(--ast-global-color-5)","background-image":"","background-repeat":"repeat","background-position":"center center","background-size":"auto","background-attachment":"scroll","background-type":"","background-media":"","overlay-type":"","overlay-color":"","overlay-opacity":"","overlay-gradient":""},"tablet":{"background-color":"var(--ast-global-color-5)","background-image":"","background-repeat":"repeat","background-position":"center center","background-size":"auto","background-attachment":"scroll","background-type":"","background-media":"","overlay-type":"","overlay-color":"","overlay-opacity":"","overlay-gradient":""},"mobile":{"background-color":"var(--ast-global-color-5)","background-image":"","background-repeat":"repeat","background-position":"center center","background-size":"auto","background-attachment":"scroll","background-type":"","background-media":"","overlay-type":"","overlay-color":"","overlay-opacity":"","overlay-gradient":""}},"footnotes":""},"class_list":["post-993","page","type-page","status-publish","hentry"],"_links":{"self":[{"href":"https:\/\/sonicpulsestudio.com\/es\/wp-json\/wp\/v2\/pages\/993","targetHints":{"allow":["GET"]}}],"collection":[{"href":"https:\/\/sonicpulsestudio.com\/es\/wp-json\/wp\/v2\/pages"}],"about":[{"href":"https:\/\/sonicpulsestudio.com\/es\/wp-json\/wp\/v2\/types\/page"}],"author":[{"embeddable":true,"href":"https:\/\/sonicpulsestudio.com\/es\/wp-json\/wp\/v2\/users\/1"}],"replies":[{"embeddable":true,"href":"https:\/\/sonicpulsestudio.com\/es\/wp-json\/wp\/v2\/comments?post=993"}],"version-history":[{"count":18,"href":"https:\/\/sonicpulsestudio.com\/es\/wp-json\/wp\/v2\/pages\/993\/revisions"}],"predecessor-version":[{"id":1052,"href":"https:\/\/sonicpulsestudio.com\/es\/wp-json\/wp\/v2\/pages\/993\/revisions\/1052"}],"wp:attachment":[{"href":"https:\/\/sonicpulsestudio.com\/es\/wp-json\/wp\/v2\/media?parent=993"}],"curies":[{"name":"wp","href":"https:\/\/api.w.org\/{rel}","templated":true}]}}